{"id":13661,"date":"2022-08-05T07:27:52","date_gmt":"2022-08-05T07:27:52","guid":{"rendered":"https:\/\/benhviendongnai.com.vn\/dich-vu-kham-suc-khoe\/"},"modified":"2025-01-22T07:05:00","modified_gmt":"2025-01-22T07:05:00","slug":"dich-vu-kham-suc-khoe","status":"publish","type":"page","link":"https:\/\/benhviendongnai.com.vn\/en\/dich-vu-kham-suc-khoe\/","title":{"rendered":"Featured Health Checkup Packages"},"content":{"rendered":"","protected":false},"excerpt":{"rendered":"","protected":false},"author":1,"featured_media":0,"parent":0,"menu_order":0,"comment_status":"closed","ping_status":"closed","template":"page-template\/package_service-template.php","meta":{"inline_featured_image":false,"_mi_skip_tracking":false,"footnotes":""},"class_list":["post-13661","page","type-page","status-publish","hentry"],"acf":[],"yoast_head":"<!-- This site is optimized with the Yoast SEO plugin v19.10 - https:\/\/yoast.com\/wordpress\/plugins\/seo\/ -->\n<title>Featured Health Checkup Packages - B\u1ec6NH VI\u1ec6N \u0110\u1ed2NG NAI -2<\/title>\n<meta name=\"description\" content=\"FEATURED EXAMINATION PACKAGES IN DONG NAI -2 HOSPITAL\" \/>\n<meta name=\"robots\" content=\"index, follow, max-snippet:-1, max-image-preview:large, max-video-preview:-1\" \/>\n<link rel=\"canonical\" href=\"https:\/\/benhviendongnai.com.vn\/en\/dich-vu-kham-suc-khoe\/\" \/>\n<meta property=\"og:locale\" content=\"en_US\" \/>\n<meta property=\"og:type\" content=\"article\" \/>\n<meta property=\"og:title\" content=\"C\u00e1c g\u00f3i kh\u00e1m d\u1ecbch v\u1ee5\" \/>\n<meta property=\"og:description\" content=\"C\u00e1c g\u00f3i kh\u00e1m d\u1ecbch v\u1ee5 t\u1ea1i b\u1ec7nh vi\u1ec7n \u0110\u1ed3ng Nai -2\" \/>\n<meta property=\"og:url\" content=\"https:\/\/benhviendongnai.com.vn\/en\/dich-vu-kham-suc-khoe\/\" \/>\n<meta property=\"og:site_name\" content=\"B\u1ec6NH VI\u1ec6N \u0110\u1ed2NG NAI -2\" \/>\n<meta property=\"article:modified_time\" content=\"2025-01-22T07:05:00+00:00\" \/>\n<meta property=\"og:image\" content=\"https:\/\/benhviendongnai.com.vn\/wp-content\/uploads\/2023\/03\/doctor-patient-scaled-1.jpg\" \/>\n\t<meta property=\"og:image:width\" content=\"2560\" \/>\n\t<meta property=\"og:image:height\" content=\"1707\" \/>\n\t<meta property=\"og:image:type\" content=\"image\/jpeg\" \/>\n<meta name=\"twitter:card\" content=\"summary_large_image\" \/>\n<script type=\"application\/ld+json\" class=\"yoast-schema-graph\">{\"@context\":\"https:\/\/schema.org\",\"@graph\":[{\"@type\":\"WebPage\",\"@id\":\"https:\/\/benhviendongnai.com.vn\/en\/dich-vu-kham-suc-khoe\/\",\"url\":\"https:\/\/benhviendongnai.com.vn\/en\/dich-vu-kham-suc-khoe\/\",\"name\":\"Featured Health Checkup Packages - B\u1ec6NH VI\u1ec6N \u0110\u1ed2NG NAI -2\",\"isPartOf\":{\"@id\":\"https:\/\/benhviendongnai.com.vn\/#website\"},\"datePublished\":\"2022-08-05T07:27:52+00:00\",\"dateModified\":\"2025-01-22T07:05:00+00:00\",\"description\":\"FEATURED EXAMINATION PACKAGES IN DONG NAI -2 HOSPITAL\",\"breadcrumb\":{\"@id\":\"https:\/\/benhviendongnai.com.vn\/en\/dich-vu-kham-suc-khoe\/#breadcrumb\"},\"inLanguage\":\"en-US\",\"potentialAction\":[{\"@type\":\"ReadAction\",\"target\":[\"https:\/\/benhviendongnai.com.vn\/en\/dich-vu-kham-suc-khoe\/\"]}]},{\"@type\":\"BreadcrumbList\",\"@id\":\"https:\/\/benhviendongnai.com.vn\/en\/dich-vu-kham-suc-khoe\/#breadcrumb\",\"itemListElement\":[{\"@type\":\"ListItem\",\"position\":1,\"name\":\"Trang ch\u1ee7\",\"item\":\"https:\/\/benhviendongnai.com.vn\/en\/\"},{\"@type\":\"ListItem\",\"position\":2,\"name\":\"Featured Health Checkup Packages\"}]},{\"@type\":\"WebSite\",\"@id\":\"https:\/\/benhviendongnai.com.vn\/#website\",\"url\":\"https:\/\/benhviendongnai.com.vn\/\",\"name\":\"B\u1ec6NH VI\u1ec6N \u0110\u1ed2NG NAI -2\",\"description\":\"Cung c\u00e2\u0301p Di\u0323ch vu\u0323 Y t\u00ea\u0301 uy T\u00edn, An t\u00e2m va\u0300 Ha\u0300i lo\u0300ng\",\"publisher\":{\"@id\":\"https:\/\/benhviendongnai.com.vn\/#organization\"},\"potentialAction\":[{\"@type\":\"SearchAction\",\"target\":{\"@type\":\"EntryPoint\",\"urlTemplate\":\"https:\/\/benhviendongnai.com.vn\/?s={search_term_string}\"},\"query-input\":\"required name=search_term_string\"}],\"inLanguage\":\"en-US\"},{\"@type\":\"Organization\",\"@id\":\"https:\/\/benhviendongnai.com.vn\/#organization\",\"name\":\"B\u00ca\u0323NH VI\u00ca\u0323N \u0110\u00d4\u0300NG NAI 2\",\"url\":\"https:\/\/benhviendongnai.com.vn\/\",\"logo\":{\"@type\":\"ImageObject\",\"inLanguage\":\"en-US\",\"@id\":\"https:\/\/benhviendongnai.com.vn\/#\/schema\/logo\/image\/\",\"url\":\"https:\/\/benhviendongnai.com.vn\/wp-content\/uploads\/2022\/08\/logo.svg\",\"contentUrl\":\"https:\/\/benhviendongnai.com.vn\/wp-content\/uploads\/2022\/08\/logo.svg\",\"width\":227,\"height\":60,\"caption\":\"B\u00ca\u0323NH VI\u00ca\u0323N \u0110\u00d4\u0300NG NAI 2\"},\"image\":{\"@id\":\"https:\/\/benhviendongnai.com.vn\/#\/schema\/logo\/image\/\"}}]}<\/script>\n<!-- \/ Yoast SEO plugin. -->","yoast_head_json":{"title":"Featured Health Checkup Packages - B\u1ec6NH VI\u1ec6N \u0110\u1ed2NG NAI -2","description":"FEATURED EXAMINATION PACKAGES IN DONG NAI -2 HOSPITAL","robots":{"index":"index","follow":"follow","max-snippet":"max-snippet:-1","max-image-preview":"max-image-preview:large","max-video-preview":"max-video-preview:-1"},"canonical":"https:\/\/benhviendongnai.com.vn\/en\/dich-vu-kham-suc-khoe\/","og_locale":"en_US","og_type":"article","og_title":"C\u00e1c g\u00f3i kh\u00e1m d\u1ecbch v\u1ee5","og_description":"C\u00e1c g\u00f3i kh\u00e1m d\u1ecbch v\u1ee5 t\u1ea1i b\u1ec7nh vi\u1ec7n \u0110\u1ed3ng Nai -2","og_url":"https:\/\/benhviendongnai.com.vn\/en\/dich-vu-kham-suc-khoe\/","og_site_name":"B\u1ec6NH VI\u1ec6N \u0110\u1ed2NG NAI -2","article_modified_time":"2025-01-22T07:05:00+00:00","og_image":[{"width":2560,"height":1707,"url":"https:\/\/benhviendongnai.com.vn\/wp-content\/uploads\/2023\/03\/doctor-patient-scaled-1.jpg","type":"image\/jpeg"}],"twitter_card":"summary_large_image","schema":{"@context":"https:\/\/schema.org","@graph":[{"@type":"WebPage","@id":"https:\/\/benhviendongnai.com.vn\/en\/dich-vu-kham-suc-khoe\/","url":"https:\/\/benhviendongnai.com.vn\/en\/dich-vu-kham-suc-khoe\/","name":"Featured Health Checkup Packages - B\u1ec6NH VI\u1ec6N \u0110\u1ed2NG NAI -2","isPartOf":{"@id":"https:\/\/benhviendongnai.com.vn\/#website"},"datePublished":"2022-08-05T07:27:52+00:00","dateModified":"2025-01-22T07:05:00+00:00","description":"FEATURED EXAMINATION PACKAGES IN DONG NAI -2 HOSPITAL","breadcrumb":{"@id":"https:\/\/benhviendongnai.com.vn\/en\/dich-vu-kham-suc-khoe\/#breadcrumb"},"inLanguage":"en-US","potentialAction":[{"@type":"ReadAction","target":["https:\/\/benhviendongnai.com.vn\/en\/dich-vu-kham-suc-khoe\/"]}]},{"@type":"BreadcrumbList","@id":"https:\/\/benhviendongnai.com.vn\/en\/dich-vu-kham-suc-khoe\/#breadcrumb","itemListElement":[{"@type":"ListItem","position":1,"name":"Trang ch\u1ee7","item":"https:\/\/benhviendongnai.com.vn\/en\/"},{"@type":"ListItem","position":2,"name":"Featured Health Checkup Packages"}]},{"@type":"WebSite","@id":"https:\/\/benhviendongnai.com.vn\/#website","url":"https:\/\/benhviendongnai.com.vn\/","name":"B\u1ec6NH VI\u1ec6N \u0110\u1ed2NG NAI -2","description":"Cung c\u00e2\u0301p Di\u0323ch vu\u0323 Y t\u00ea\u0301 uy T\u00edn, An t\u00e2m va\u0300 Ha\u0300i lo\u0300ng","publisher":{"@id":"https:\/\/benhviendongnai.com.vn\/#organization"},"potentialAction":[{"@type":"SearchAction","target":{"@type":"EntryPoint","urlTemplate":"https:\/\/benhviendongnai.com.vn\/?s={search_term_string}"},"query-input":"required name=search_term_string"}],"inLanguage":"en-US"},{"@type":"Organization","@id":"https:\/\/benhviendongnai.com.vn\/#organization","name":"B\u00ca\u0323NH VI\u00ca\u0323N \u0110\u00d4\u0300NG NAI 2","url":"https:\/\/benhviendongnai.com.vn\/","logo":{"@type":"ImageObject","inLanguage":"en-US","@id":"https:\/\/benhviendongnai.com.vn\/#\/schema\/logo\/image\/","url":"https:\/\/benhviendongnai.com.vn\/wp-content\/uploads\/2022\/08\/logo.svg","contentUrl":"https:\/\/benhviendongnai.com.vn\/wp-content\/uploads\/2022\/08\/logo.svg","width":227,"height":60,"caption":"B\u00ca\u0323NH VI\u00ca\u0323N \u0110\u00d4\u0300NG NAI 2"},"image":{"@id":"https:\/\/benhviendongnai.com.vn\/#\/schema\/logo\/image\/"}}]}},"_links":{"self":[{"href":"https:\/\/benhviendongnai.com.vn\/en\/wp-json\/wp\/v2\/pages\/13661","targetHints":{"allow":["GET"]}}],"collection":[{"href":"https:\/\/benhviendongnai.com.vn\/en\/wp-json\/wp\/v2\/pages"}],"about":[{"href":"https:\/\/benhviendongnai.com.vn\/en\/wp-json\/wp\/v2\/types\/page"}],"author":[{"embeddable":true,"href":"https:\/\/benhviendongnai.com.vn\/en\/wp-json\/wp\/v2\/users\/1"}],"replies":[{"embeddable":true,"href":"https:\/\/benhviendongnai.com.vn\/en\/wp-json\/wp\/v2\/comments?post=13661"}],"version-history":[{"count":2,"href":"https:\/\/benhviendongnai.com.vn\/en\/wp-json\/wp\/v2\/pages\/13661\/revisions"}],"predecessor-version":[{"id":15444,"href":"https:\/\/benhviendongnai.com.vn\/en\/wp-json\/wp\/v2\/pages\/13661\/revisions\/15444"}],"wp:attachment":[{"href":"https:\/\/benhviendongnai.com.vn\/en\/wp-json\/wp\/v2\/media?parent=13661"}],"curies":[{"name":"wp","href":"https:\/\/api.w.org\/{rel}","templated":true}]}}