{"id":13637,"date":"2022-08-25T03:45:23","date_gmt":"2022-08-25T03:45:23","guid":{"rendered":"https:\/\/benhviendongnai.com.vn\/kham-suc-khoe-doanh-nghiep\/"},"modified":"2024-11-26T17:13:33","modified_gmt":"2024-11-26T17:13:33","slug":"kham-suc-khoe-doanh-nghiep","status":"publish","type":"page","link":"https:\/\/benhviendongnai.com.vn\/en\/kham-suc-khoe-doanh-nghiep\/","title":{"rendered":"CORPORATE HEALTH CHECKUP"},"content":{"rendered":"<p><b>G\u00f3i kh\u00e1m s\u1ee9c kh\u1ecfe ti\u00eau chu\u1ea9n d\u00e0nh cho doanh nghi\u1ec7p cung c\u1ea5p c\u00e1c d\u1ecbch v\u1ee5 c\u01a1 b\u1ea3n bao g\u1ed3m th\u0103m kh\u00e1m l\u00e2m s\u00e0ng ph\u00e1t hi\u1ec7n c\u00e1c y\u1ebfu t\u1ed1 nguy c\u01a1 g\u00e2y b\u1ec7nh, t\u1eeb \u0111\u00f3 \u0111i\u1ec1u ch\u1ec9nh, thay \u0111\u1ed5i nh\u1eb1m d\u1ef1 ph\u00f2ng v\u00e0 ph\u00f2ng ng\u1eeba b\u1ec7nh t\u01b0\u01a1ng lai.<\/b><\/p>\n<p><strong>C\u00f3 g\u00ec trong <\/strong><strong>g\u00f3i kh\u00e1m s\u1ee9c kh\u1ecfe ti\u00eau chu\u1ea9n cho doanh nghi\u1ec7p<\/strong><strong> t\u1ea1i B\u1ec7nh vi\u1ec7n \u0110\u1ed3ng Nai -2?<\/strong><\/p>\n<p>V\u1edbi g\u00f3i kh\u00e1m s\u1ee9c kh\u1ecfe ti\u00eau chu\u1ea9n, qu\u00fd kh\u00e1ch h\u00e0ng s\u1ebd \u0111\u01b0\u1ee3c kh\u00e1m t\u1ed5ng qu\u00e1t 6 chuy\u00ean khoa, c\u00e1c b\u00e1c s\u0129 s\u1ebd theo d\u00f5i b\u1ec7nh s\u1eed c\u00e1 nh\u00e2n, ti\u1ec1n s\u1eed b\u1ec7nh l\u00fd v\u00e0 \u0111\u01b0a ra \u0111\u00e1nh gi\u00e1 s\u1ee9c kh\u1ecfe t\u1ed5ng qu\u00e1t c\u1ee7a b\u1ea1n. \u0110\u1ed3ng th\u1eddi qu\u00fd kh\u00e1ch h\u00e0ng s\u1ebd \u0111\u01b0\u1ee3c th\u1ef1c hi\u1ec7n c\u00e1c x\u00e9t nghi\u1ec7m m\u00e1u, n\u01b0\u1edbc ti\u1ec3u, ch\u1ee5p X-Quang ph\u1ed5i th\u1eb3ng, si\u00eau \u00e2m \u1ed5 b\u1ee5ng, \u0111i\u1ec7n t\u00e2m \u0111\u1ed3 \u0111\u1ec3 t\u1ea7m so\u00e1t to\u00e0n di\u1ec7n c\u00e1c c\u01a1 quan trong c\u01a1 th\u1ec3 nh\u01b0 ch\u1ee9c n\u0103ng gan, m\u1eadt, th\u1eadn, tim, ph\u1ed5i, t\u1eed cung, bu\u1ed3ng tr\u1ee9ng\u2026<\/p>\n<img loading=\"lazy\" decoding=\"async\" class=\" wp-image-1141\" src=\"https:\/\/benhviendongnai.com.vn\/wp-content\/uploads\/2022\/08\/young-male-psysician-with-patient-measuring-blood-pressure-300x200.jpg\" alt=\"\" width=\"880\" height=\"586\" srcset=\"https:\/\/benhviendongnai.com.vn\/wp-content\/uploads\/2022\/08\/young-male-psysician-with-patient-measuring-blood-pressure-300x200.jpg 300w, https:\/\/benhviendongnai.com.vn\/wp-content\/uploads\/2022\/08\/young-male-psysician-with-patient-measuring-blood-pressure-1024x683.jpg 1024w, https:\/\/benhviendongnai.com.vn\/wp-content\/uploads\/2022\/08\/young-male-psysician-with-patient-measuring-blood-pressure-768x512.jpg 768w, https:\/\/benhviendongnai.com.vn\/wp-content\/uploads\/2022\/08\/young-male-psysician-with-patient-measuring-blood-pressure-1536x1024.jpg 1536w, https:\/\/benhviendongnai.com.vn\/wp-content\/uploads\/2022\/08\/young-male-psysician-with-patient-measuring-blood-pressure-2048x1365.jpg 2048w, https:\/\/benhviendongnai.com.vn\/wp-content\/uploads\/2022\/08\/young-male-psysician-with-patient-measuring-blood-pressure-1185x790.jpg 1185w\" sizes=\"auto, (max-width: 880px) 100vw, 880px\" \/>\n<p>Ngo\u00e0i ra, \u0111\u1ed1i v\u1edbi kh\u00e1ch h\u00e0ng n\u1eef s\u1ebd \u0111\u01b0\u1ee3c th\u1ef1c hi\u1ec7n d\u1ecbch v\u1ee5 kh\u00e1m ph\u1ee5 khoa gi\u00fap ph\u00e1t hi\u1ec7n c\u00e1c v\u1ea5n \u0111\u1ec1 v\u1ec1 ph\u1ee5 khoa, soi t\u01b0\u01a1i huy\u1ebft tr\u1eafng gi\u00fap ph\u00e1t hi\u1ec7n c\u00e1c lo\u1ea1i n\u1ea5m, vi khu\u1ea9n, k\u00fd sinh tr\u00f9ng\u2026<\/p>\n<p><strong>Chi ti\u1ebft d\u1ecbch v\u1ee5 kh\u00e1m s\u1ee9c kho\u1ebb doanh nghi\u1ec7p t\u1ea1i B\u1ec7nh vi\u1ec7n \u0110\u1ed3ng Nai -2<\/strong><\/p>\n<p>T\u1ea1i B\u1ec7nh vi\u1ec7n \u0110\u1ed3ng Nai -2, ch\u01b0\u01a1ng tr\u00ecnh kh\u00e1m s\u1ee9c kh\u1ecfe \u0111\u01b0\u1ee3c thi\u1ebft k\u1ebf linh ho\u1ea1t theo th\u1eddi gian, ng\u00e2n s\u00e1ch c\u1ee7a doanh nghi\u1ec7p, \u0111a d\u1ea1ng \u0111\u00e1p \u1ee9ng nhu c\u1ea7u t\u1ea7m so\u00e1t b\u1ec7nh.<\/p>\n<ul>\n<li>T\u1ed5 ch\u1ee9c kh\u00e1m s\u1ee9c kh\u1ecfe theo nhu c\u1ea7u c\u1ee7a doanh nghi\u1ec7p.<\/li>\n<li>Cung c\u1ea5p d\u1ecbch v\u1ee5 l\u1ea5y m\u1eabu th\u1eed x\u00e9t nghi\u1ec7m tr\u1ef1c ti\u1ebfp t\u1ea1i doanh nghi\u1ec7p, nh\u1eb1m ti\u1ebft ki\u1ec7m th\u1eddi gian di chuy\u1ec3n c\u1ee7a c\u00e1n b\u1ed9 nh\u00e2n vi\u00ean c\u00f4ng ty.<\/li>\n<li>Cung c\u1ea5p nhi\u1ec1u ch\u01b0\u01a1ng tr\u00ecnh \u01b0u \u0111\u00e3i v\u00e0 linh ho\u1ea1t trong ph\u01b0\u01a1ng th\u1ee9c thanh to\u00e1n.<br \/>\n<table border=\"1\" cellspacing=\"1\" cellpadding=\"1\" align=\"center\">\n<tbody>\n<tr>\n<td style=\"text-align: left;\"><strong>Kh\u00e1m S\u1ee9c Kh\u1ecfe Th\u00f4ng T\u01b0 14 Nam 2017 &#8211; 2021<\/strong><\/td>\n<\/tr>\n<tr>\n<td style=\"text-align: left;\">\n<ul>\n<li>\u0110\u1ecbnh l\u01b0\u1ee3ng Creatinin<\/li>\n<li>\u0110\u1ecbnh l\u01b0\u1ee3ng Glucose<\/li>\n<li>\u0110\u1ecbnh l\u01b0\u1ee3ng Ur\u00ea m\u00e1u<\/li>\n<li>\u0110o ho\u1ea1t \u0111\u1ed9 ALT (GPT)<\/li>\n<li>\u0110o ho\u1ea1t \u0111\u1ed9 AST (GOT)<\/li>\n<li>Kh\u00e1m Da Li\u1ec5u<\/li>\n<li>Kh\u00e1m M\u1eaft<\/li>\n<li>Kh\u00e1m Ngo\u1ea1i T\u1ed5ng Qu\u00e1t<\/li>\n<li>Kh\u00e1m N\u1ed9i T\u1ed5ng Qu\u00e1t<\/li>\n<li>Kh\u00e1m R\u0103ng<\/li>\n<li>Kh\u00e1m Tai M\u0169i H\u1ecdng<\/li>\n<li>T\u1ed5ng ph\u00e2n t\u00edch n\u01b0\u1edbc ti\u1ec3u (B\u1eb1ng m\u00e1y t\u1ef1 \u0111\u1ed9ng)<\/li>\n<li>T\u1ed5ng ph\u00e2n t\u00edch t\u1ebf b\u00e0o m\u00e1u ngo\u1ea1i vi (b\u1eb1ng m\u00e1y \u0111\u1ebfm laser)<\/li>\n<li>XQKTS Tim ph\u1ed5i th\u1eb3ng<\/li>\n<\/ul>\n<\/td>\n<\/tr>\n<\/tbody>\n<\/table>\n<div><\/div>\n<table border=\"1\" cellspacing=\"1\" cellpadding=\"1\" align=\"center\">\n<tbody>\n<tr>\n<td><strong>Kh\u00e1m S\u1ee9c Kh\u1ecfe Th\u00f4ng T\u01b0 14 N\u1eef\u00a02017 &#8211; 2021<\/strong><\/td>\n<\/tr>\n<tr>\n<td>\n<ul>\n<li>\u0110\u1ecbnh l\u01b0\u1ee3ng Creatinin<\/li>\n<li>\u0110\u1ecbnh l\u01b0\u1ee3ng Glucose<\/li>\n<li>\u0110\u1ecbnh l\u01b0\u1ee3ng Ur\u00ea m\u00e1u<\/li>\n<li>\u0110o ho\u1ea1t \u0111\u1ed9 ALT (GPT)<\/li>\n<li>\u0110o ho\u1ea1t \u0111\u1ed9 AST (GOT)<\/li>\n<li>Kh\u00e1m Da Li\u1ec5u<\/li>\n<li>Kh\u00e1m M\u1eaft<\/li>\n<li>Kh\u00e1m Ngo\u1ea1i T\u1ed5ng Qu\u00e1t<\/li>\n<li>Kh\u00e1m N\u1ed9i T\u1ed5ng Qu\u00e1t<\/li>\n<li>Kh\u00e1m R\u0103ng<\/li>\n<li>Kh\u00e1m S\u1ea3n Ph\u1ee5 Khoa<\/li>\n<li>Kh\u00e1m Tai M\u0169i H\u1ecdng<\/li>\n<li>T\u1ed5ng ph\u00e2n t\u00edch n\u01b0\u1edbc ti\u1ec3u (B\u1eb1ng m\u00e1y t\u1ef1 \u0111\u1ed9ng)<\/li>\n<li>T\u1ed5ng ph\u00e2n t\u00edch t\u1ebf b\u00e0o m\u00e1u ngo\u1ea1i vi (b\u1eb1ng m\u00e1y \u0111\u1ebfm laser)<\/li>\n<li>XQKTS Tim ph\u1ed5i th\u1eb3ng<\/li>\n<\/ul>\n<\/td>\n<\/tr>\n<\/tbody>\n<\/table>\n<\/li>\n<\/ul>\n","protected":false},"excerpt":{"rendered":"<p>G\u00f3i kh\u00e1m s\u1ee9c kh\u1ecfe ti\u00eau chu\u1ea9n d\u00e0nh cho doanh nghi\u1ec7p cung c\u1ea5p c\u00e1c d\u1ecbch v\u1ee5 c\u01a1 b\u1ea3n bao g\u1ed3m th\u0103m kh\u00e1m l\u00e2m s\u00e0ng ph\u00e1t hi\u1ec7n c\u00e1c y\u1ebfu t\u1ed1 nguy c\u01a1 g\u00e2y b\u1ec7nh, t\u1eeb \u0111\u00f3 \u0111i\u1ec1u ch\u1ec9nh, thay \u0111\u1ed5i nh\u1eb1m d\u1ef1 ph\u00f2ng v\u00e0 ph\u00f2ng ng\u1eeba b\u1ec7nh t\u01b0\u01a1ng lai. C\u00f3 g\u00ec trong g\u00f3i kh\u00e1m s\u1ee9c kh\u1ecfe ti\u00eau [&hellip;]<\/p>\n","protected":false},"author":1,"featured_media":6793,"parent":0,"menu_order":0,"comment_status":"closed","ping_status":"closed","template":"","meta":{"om_disable_all_campaigns":false,"inline_featured_image":false,"_mi_skip_tracking":false,"footnotes":""},"class_list":["post-13637","page","type-page","status-publish","has-post-thumbnail","hentry"],"acf":[],"yoast_head":"<!-- This site is optimized with the Yoast SEO plugin v19.10 - https:\/\/yoast.com\/wordpress\/plugins\/seo\/ -->\n<title>CORPORATE HEALTH CHECKUP - B\u1ec6NH VI\u1ec6N \u0110\u1ed2NG NAI -2<\/title>\n<meta name=\"description\" content=\"G\u00f3i kh\u00e1m s\u1ee9c kh\u1ecfe ti\u00eau chu\u1ea9n d\u00e0nh cho doanh nghi\u1ec7p cung c\u1ea5p c\u00e1c d\u1ecbch v\u1ee5 c\u01a1 b\u1ea3n bao g\u1ed3m th\u0103m kh\u00e1m l\u00e2m s\u00e0ng ph\u00e1t hi\u1ec7n c\u00e1c y\u1ebfu t\u1ed1 nguy c\u01a1 g\u00e2y b\u1ec7nh, t\u1eeb \u0111\u00f3 \u0111i\u1ec1u ch\u1ec9nh, thay \u0111\u1ed5i nh\u1eb1m d\u1ef1 ph\u00f2ng v\u00e0 ph\u00f2ng ng\u1eeba b\u1ec7nh t\u01b0\u01a1ng lai.\" \/>\n<meta name=\"robots\" content=\"index, follow, max-snippet:-1, max-image-preview:large, max-video-preview:-1\" \/>\n<link rel=\"canonical\" href=\"https:\/\/benhviendongnai.com.vn\/en\/kham-suc-khoe-doanh-nghiep\/\" \/>\n<meta property=\"og:locale\" content=\"en_US\" \/>\n<meta property=\"og:type\" content=\"article\" \/>\n<meta property=\"og:title\" content=\"CORPORATE HEALTH CHECKUP - B\u1ec6NH VI\u1ec6N \u0110\u1ed2NG NAI -2\" \/>\n<meta property=\"og:description\" content=\"G\u00f3i kh\u00e1m s\u1ee9c kh\u1ecfe ti\u00eau chu\u1ea9n d\u00e0nh cho doanh nghi\u1ec7p cung c\u1ea5p c\u00e1c d\u1ecbch v\u1ee5 c\u01a1 b\u1ea3n bao g\u1ed3m th\u0103m kh\u00e1m l\u00e2m s\u00e0ng ph\u00e1t hi\u1ec7n c\u00e1c y\u1ebfu t\u1ed1 nguy c\u01a1 g\u00e2y b\u1ec7nh, t\u1eeb \u0111\u00f3 \u0111i\u1ec1u ch\u1ec9nh, thay \u0111\u1ed5i nh\u1eb1m d\u1ef1 ph\u00f2ng v\u00e0 ph\u00f2ng ng\u1eeba b\u1ec7nh t\u01b0\u01a1ng lai.\" \/>\n<meta property=\"og:url\" content=\"https:\/\/benhviendongnai.com.vn\/en\/kham-suc-khoe-doanh-nghiep\/\" \/>\n<meta property=\"og:site_name\" content=\"B\u1ec6NH VI\u1ec6N \u0110\u1ed2NG NAI -2\" \/>\n<meta property=\"article:modified_time\" content=\"2024-11-26T17:13:33+00:00\" \/>\n<meta property=\"og:image\" content=\"https:\/\/benhviendongnai.com.vn\/wp-content\/uploads\/2022\/09\/medical-banner-with-doctor-patient-scaled.jpg\" \/>\n\t<meta property=\"og:image:width\" content=\"2560\" \/>\n\t<meta property=\"og:image:height\" content=\"1707\" \/>\n\t<meta property=\"og:image:type\" content=\"image\/jpeg\" \/>\n<meta name=\"twitter:card\" content=\"summary_large_image\" \/>\n<meta name=\"twitter:label1\" content=\"Est. reading time\" \/>\n\t<meta name=\"twitter:data1\" content=\"3 minutes\" \/>\n<script type=\"application\/ld+json\" class=\"yoast-schema-graph\">{\"@context\":\"https:\/\/schema.org\",\"@graph\":[{\"@type\":\"WebPage\",\"@id\":\"https:\/\/benhviendongnai.com.vn\/en\/kham-suc-khoe-doanh-nghiep\/\",\"url\":\"https:\/\/benhviendongnai.com.vn\/en\/kham-suc-khoe-doanh-nghiep\/\",\"name\":\"CORPORATE HEALTH CHECKUP - B\u1ec6NH VI\u1ec6N \u0110\u1ed2NG NAI -2\",\"isPartOf\":{\"@id\":\"https:\/\/benhviendongnai.com.vn\/#website\"},\"datePublished\":\"2022-08-25T03:45:23+00:00\",\"dateModified\":\"2024-11-26T17:13:33+00:00\",\"description\":\"G\u00f3i kh\u00e1m s\u1ee9c kh\u1ecfe ti\u00eau chu\u1ea9n d\u00e0nh cho doanh nghi\u1ec7p cung c\u1ea5p c\u00e1c d\u1ecbch v\u1ee5 c\u01a1 b\u1ea3n bao g\u1ed3m th\u0103m kh\u00e1m l\u00e2m s\u00e0ng ph\u00e1t hi\u1ec7n c\u00e1c y\u1ebfu t\u1ed1 nguy c\u01a1 g\u00e2y b\u1ec7nh, t\u1eeb \u0111\u00f3 \u0111i\u1ec1u ch\u1ec9nh, thay \u0111\u1ed5i nh\u1eb1m d\u1ef1 ph\u00f2ng v\u00e0 ph\u00f2ng ng\u1eeba b\u1ec7nh t\u01b0\u01a1ng lai.\",\"breadcrumb\":{\"@id\":\"https:\/\/benhviendongnai.com.vn\/en\/kham-suc-khoe-doanh-nghiep\/#breadcrumb\"},\"inLanguage\":\"en-US\",\"potentialAction\":[{\"@type\":\"ReadAction\",\"target\":[\"https:\/\/benhviendongnai.com.vn\/en\/kham-suc-khoe-doanh-nghiep\/\"]}]},{\"@type\":\"BreadcrumbList\",\"@id\":\"https:\/\/benhviendongnai.com.vn\/en\/kham-suc-khoe-doanh-nghiep\/#breadcrumb\",\"itemListElement\":[{\"@type\":\"ListItem\",\"position\":1,\"name\":\"Trang ch\u1ee7\",\"item\":\"https:\/\/benhviendongnai.com.vn\/en\/\"},{\"@type\":\"ListItem\",\"position\":2,\"name\":\"CORPORATE HEALTH CHECKUP\"}]},{\"@type\":\"WebSite\",\"@id\":\"https:\/\/benhviendongnai.com.vn\/#website\",\"url\":\"https:\/\/benhviendongnai.com.vn\/\",\"name\":\"B\u1ec6NH VI\u1ec6N \u0110\u1ed2NG NAI -2\",\"description\":\"Cung c\u00e2\u0301p Di\u0323ch vu\u0323 Y t\u00ea\u0301 uy T\u00edn, An t\u00e2m va\u0300 Ha\u0300i lo\u0300ng\",\"publisher\":{\"@id\":\"https:\/\/benhviendongnai.com.vn\/#organization\"},\"potentialAction\":[{\"@type\":\"SearchAction\",\"target\":{\"@type\":\"EntryPoint\",\"urlTemplate\":\"https:\/\/benhviendongnai.com.vn\/?s={search_term_string}\"},\"query-input\":\"required name=search_term_string\"}],\"inLanguage\":\"en-US\"},{\"@type\":\"Organization\",\"@id\":\"https:\/\/benhviendongnai.com.vn\/#organization\",\"name\":\"B\u00ca\u0323NH VI\u00ca\u0323N \u0110\u00d4\u0300NG NAI 2\",\"url\":\"https:\/\/benhviendongnai.com.vn\/\",\"logo\":{\"@type\":\"ImageObject\",\"inLanguage\":\"en-US\",\"@id\":\"https:\/\/benhviendongnai.com.vn\/#\/schema\/logo\/image\/\",\"url\":\"https:\/\/benhviendongnai.com.vn\/wp-content\/uploads\/2022\/08\/logo.svg\",\"contentUrl\":\"https:\/\/benhviendongnai.com.vn\/wp-content\/uploads\/2022\/08\/logo.svg\",\"width\":227,\"height\":60,\"caption\":\"B\u00ca\u0323NH VI\u00ca\u0323N \u0110\u00d4\u0300NG NAI 2\"},\"image\":{\"@id\":\"https:\/\/benhviendongnai.com.vn\/#\/schema\/logo\/image\/\"}}]}<\/script>\n<!-- \/ Yoast SEO plugin. -->","yoast_head_json":{"title":"CORPORATE HEALTH CHECKUP - B\u1ec6NH VI\u1ec6N \u0110\u1ed2NG NAI -2","description":"G\u00f3i kh\u00e1m s\u1ee9c kh\u1ecfe ti\u00eau chu\u1ea9n d\u00e0nh cho doanh nghi\u1ec7p cung c\u1ea5p c\u00e1c d\u1ecbch v\u1ee5 c\u01a1 b\u1ea3n bao g\u1ed3m th\u0103m kh\u00e1m l\u00e2m s\u00e0ng ph\u00e1t hi\u1ec7n c\u00e1c y\u1ebfu t\u1ed1 nguy c\u01a1 g\u00e2y b\u1ec7nh, t\u1eeb \u0111\u00f3 \u0111i\u1ec1u ch\u1ec9nh, thay \u0111\u1ed5i nh\u1eb1m d\u1ef1 ph\u00f2ng v\u00e0 ph\u00f2ng ng\u1eeba b\u1ec7nh t\u01b0\u01a1ng lai.","robots":{"index":"index","follow":"follow","max-snippet":"max-snippet:-1","max-image-preview":"max-image-preview:large","max-video-preview":"max-video-preview:-1"},"canonical":"https:\/\/benhviendongnai.com.vn\/en\/kham-suc-khoe-doanh-nghiep\/","og_locale":"en_US","og_type":"article","og_title":"CORPORATE HEALTH CHECKUP - B\u1ec6NH VI\u1ec6N \u0110\u1ed2NG NAI -2","og_description":"G\u00f3i kh\u00e1m s\u1ee9c kh\u1ecfe ti\u00eau chu\u1ea9n d\u00e0nh cho doanh nghi\u1ec7p cung c\u1ea5p c\u00e1c d\u1ecbch v\u1ee5 c\u01a1 b\u1ea3n bao g\u1ed3m th\u0103m kh\u00e1m l\u00e2m s\u00e0ng ph\u00e1t hi\u1ec7n c\u00e1c y\u1ebfu t\u1ed1 nguy c\u01a1 g\u00e2y b\u1ec7nh, t\u1eeb \u0111\u00f3 \u0111i\u1ec1u ch\u1ec9nh, thay \u0111\u1ed5i nh\u1eb1m d\u1ef1 ph\u00f2ng v\u00e0 ph\u00f2ng ng\u1eeba b\u1ec7nh t\u01b0\u01a1ng lai.","og_url":"https:\/\/benhviendongnai.com.vn\/en\/kham-suc-khoe-doanh-nghiep\/","og_site_name":"B\u1ec6NH VI\u1ec6N \u0110\u1ed2NG NAI -2","article_modified_time":"2024-11-26T17:13:33+00:00","og_image":[{"width":2560,"height":1707,"url":"https:\/\/benhviendongnai.com.vn\/wp-content\/uploads\/2022\/09\/medical-banner-with-doctor-patient-scaled.jpg","type":"image\/jpeg"}],"twitter_card":"summary_large_image","twitter_misc":{"Est. reading time":"3 minutes"},"schema":{"@context":"https:\/\/schema.org","@graph":[{"@type":"WebPage","@id":"https:\/\/benhviendongnai.com.vn\/en\/kham-suc-khoe-doanh-nghiep\/","url":"https:\/\/benhviendongnai.com.vn\/en\/kham-suc-khoe-doanh-nghiep\/","name":"CORPORATE HEALTH CHECKUP - B\u1ec6NH VI\u1ec6N \u0110\u1ed2NG NAI -2","isPartOf":{"@id":"https:\/\/benhviendongnai.com.vn\/#website"},"datePublished":"2022-08-25T03:45:23+00:00","dateModified":"2024-11-26T17:13:33+00:00","description":"G\u00f3i kh\u00e1m s\u1ee9c kh\u1ecfe ti\u00eau chu\u1ea9n d\u00e0nh cho doanh nghi\u1ec7p cung c\u1ea5p c\u00e1c d\u1ecbch v\u1ee5 c\u01a1 b\u1ea3n bao g\u1ed3m th\u0103m kh\u00e1m l\u00e2m s\u00e0ng ph\u00e1t hi\u1ec7n c\u00e1c y\u1ebfu t\u1ed1 nguy c\u01a1 g\u00e2y b\u1ec7nh, t\u1eeb \u0111\u00f3 \u0111i\u1ec1u ch\u1ec9nh, thay \u0111\u1ed5i nh\u1eb1m d\u1ef1 ph\u00f2ng v\u00e0 ph\u00f2ng ng\u1eeba b\u1ec7nh t\u01b0\u01a1ng lai.","breadcrumb":{"@id":"https:\/\/benhviendongnai.com.vn\/en\/kham-suc-khoe-doanh-nghiep\/#breadcrumb"},"inLanguage":"en-US","potentialAction":[{"@type":"ReadAction","target":["https:\/\/benhviendongnai.com.vn\/en\/kham-suc-khoe-doanh-nghiep\/"]}]},{"@type":"BreadcrumbList","@id":"https:\/\/benhviendongnai.com.vn\/en\/kham-suc-khoe-doanh-nghiep\/#breadcrumb","itemListElement":[{"@type":"ListItem","position":1,"name":"Trang ch\u1ee7","item":"https:\/\/benhviendongnai.com.vn\/en\/"},{"@type":"ListItem","position":2,"name":"CORPORATE HEALTH CHECKUP"}]},{"@type":"WebSite","@id":"https:\/\/benhviendongnai.com.vn\/#website","url":"https:\/\/benhviendongnai.com.vn\/","name":"B\u1ec6NH VI\u1ec6N \u0110\u1ed2NG NAI -2","description":"Cung c\u00e2\u0301p Di\u0323ch vu\u0323 Y t\u00ea\u0301 uy T\u00edn, An t\u00e2m va\u0300 Ha\u0300i lo\u0300ng","publisher":{"@id":"https:\/\/benhviendongnai.com.vn\/#organization"},"potentialAction":[{"@type":"SearchAction","target":{"@type":"EntryPoint","urlTemplate":"https:\/\/benhviendongnai.com.vn\/?s={search_term_string}"},"query-input":"required name=search_term_string"}],"inLanguage":"en-US"},{"@type":"Organization","@id":"https:\/\/benhviendongnai.com.vn\/#organization","name":"B\u00ca\u0323NH VI\u00ca\u0323N \u0110\u00d4\u0300NG NAI 2","url":"https:\/\/benhviendongnai.com.vn\/","logo":{"@type":"ImageObject","inLanguage":"en-US","@id":"https:\/\/benhviendongnai.com.vn\/#\/schema\/logo\/image\/","url":"https:\/\/benhviendongnai.com.vn\/wp-content\/uploads\/2022\/08\/logo.svg","contentUrl":"https:\/\/benhviendongnai.com.vn\/wp-content\/uploads\/2022\/08\/logo.svg","width":227,"height":60,"caption":"B\u00ca\u0323NH VI\u00ca\u0323N \u0110\u00d4\u0300NG NAI 2"},"image":{"@id":"https:\/\/benhviendongnai.com.vn\/#\/schema\/logo\/image\/"}}]}},"_links":{"self":[{"href":"https:\/\/benhviendongnai.com.vn\/en\/wp-json\/wp\/v2\/pages\/13637","targetHints":{"allow":["GET"]}}],"collection":[{"href":"https:\/\/benhviendongnai.com.vn\/en\/wp-json\/wp\/v2\/pages"}],"about":[{"href":"https:\/\/benhviendongnai.com.vn\/en\/wp-json\/wp\/v2\/types\/page"}],"author":[{"embeddable":true,"href":"https:\/\/benhviendongnai.com.vn\/en\/wp-json\/wp\/v2\/users\/1"}],"replies":[{"embeddable":true,"href":"https:\/\/benhviendongnai.com.vn\/en\/wp-json\/wp\/v2\/comments?post=13637"}],"version-history":[{"count":2,"href":"https:\/\/benhviendongnai.com.vn\/en\/wp-json\/wp\/v2\/pages\/13637\/revisions"}],"predecessor-version":[{"id":14015,"href":"https:\/\/benhviendongnai.com.vn\/en\/wp-json\/wp\/v2\/pages\/13637\/revisions\/14015"}],"wp:featuredmedia":[{"embeddable":true,"href":"https:\/\/benhviendongnai.com.vn\/en\/wp-json\/wp\/v2\/media\/6793"}],"wp:attachment":[{"href":"https:\/\/benhviendongnai.com.vn\/en\/wp-json\/wp\/v2\/media?parent=13637"}],"curies":[{"name":"wp","href":"https:\/\/api.w.org\/{rel}","templated":true}]}}